{"id":2655,"date":"2020-07-08T11:18:34","date_gmt":"2020-07-08T04:18:34","guid":{"rendered":"http:\/\/tuanle.southteam.co\/?page_id=2655"},"modified":"2025-04-22T16:25:58","modified_gmt":"2025-04-22T09:25:58","slug":"accueil","status":"publish","type":"page","link":"https:\/\/tuanle.com.vn\/fr\/","title":{"rendered":"Accueil"},"content":{"rendered":"<div class=\"wpb-content-wrapper\"><p>[vc_row][vc_column][vc_empty_space height=\u00a0\u00bb41px\u00a0\u00bb el_class=\u00a0\u00bbd-none d-lg-block\u00a0\u00bb][\/vc_column][\/vc_row][vc_row full_width=\u00a0\u00bbstretch_row_content_no_spaces\u00a0\u00bb][vc_column css_animation=\u00a0\u00bbfadeInLeft\u00a0\u00bb width=\u00a0\u00bb7\/12&Prime;][vc_single_image image=\u00a0\u00bb9928&Prime; img_size=\u00a0\u00bbfull\u00a0\u00bb alignment=\u00a0\u00bbcenter\u00a0\u00bb][\/vc_column][vc_column width=\u00a0\u00bb4\/12&Prime; el_class=\u00a0\u00bbpl-lg-5&Prime;][vc_custom_heading text=\u00a0\u00bbQUI NOUS SOMMES\u00a0\u00bb use_theme_fonts=\u00a0\u00bbyes\u00a0\u00bb el_class=\u00a0\u00bbsub-title mb-1&Prime;][vc_custom_heading text=\u00a0\u00bbDEPUIS NOTRE CR\u00c9ATION EN 2009, TUAN LE CONSTRUCTION A \u00c9T\u00c9 MEN\u00c9 PAR LES VALEURS FAMILLES, LA CONFIANCE ET L\u2019INT\u00c9GRIT\u00c9.\u00a0\u00bb font_container=\u00a0\u00bbtag:h2|font_size:22|text_align:left\u00a0\u00bb use_theme_fonts=\u00a0\u00bbyes\u00a0\u00bb el_class=\u00a0\u00bbmain-title\u00a0\u00bb link=\u00a0\u00bburl:https%3A%2F%2Ftuanle.com.vn%2Ffr%2Ftuan-le-continues-to-build-the-next-phase-of-british-university-vietnams-campus-development%2F|title:TUAN%20LE%20POURSUIT%20LA%20CONSTRUCTION%20DE%20LA%20PROCHAINE%20PHASE%20DU%20D%C3%89VELOPPEMENT%20DU%20CAMPUS%20DE%20L%E2%80%99UNIVERSIT%C3%89%20BRITANNIQUE%20DU%20VIETNAM||\u00a0\u00bb][vc_column_text css_animation=\u00a0\u00bbnone\u00a0\u00bb el_class=\u00a0\u00bbmb-lg-4 mb-2&Prime;]D\u00e8s le premier jour, nous nous sommes engag\u00e9s \u00e0 assurer la s\u00e9curit\u00e9 et \u00e0 offrir de la qualit\u00e9 \u00e0 nos clients et \u00e0 nos employ\u00e9s. Ces fondations ont construit notre h\u00e9ritage avec plus de 100 projets ayant \u00e9t\u00e9 achev\u00e9s avec succ\u00e8s \u00e0 travers le Vietnam.<\/p>\n<p>Notre personnel compte d\u00e9sormais 500 personnes et est en croissance, comme il g\u00e9n\u00e8re des revenus annuels de pr\u00e8s de 150 millions USD. Nous sommes fiers d&rsquo;\u00eatre l&rsquo;une des entreprises de construction priv\u00e9es les plus avanc\u00e9es et les plus innovantes du Vietnam.[\/vc_column_text][vc_column_text el_class=\u00a0\u00bbmb-0&Prime;]<\/p>\n<p class=\"more\"><a href=\"https:\/\/tuanle.com.vn\/fr\/qui-nous-sommes\/\">VOIR NOTRE HISTOIRE<\/a><\/p>\n<p>[\/vc_column_text][\/vc_column][vc_column width=\u00a0\u00bb1\/12&Prime;][\/vc_column][\/vc_row][vc_row][vc_column][vc_empty_space height=\u00a0\u00bb41px\u00a0\u00bb][\/vc_column][\/vc_row][vc_row full_width=\u00a0\u00bbstretch_row_content_no_spaces\u00a0\u00bb equal_height=\u00a0\u00bbyes\u00a0\u00bb][vc_column css_animation=\u00a0\u00bbfadeInLeft\u00a0\u00bb width=\u00a0\u00bb1\/12&Prime;][\/vc_column][vc_column width=\u00a0\u00bb7\/12&Prime; el_class=\u00a0\u00bborder-lg-3&Prime;][vc_single_image image=\u00a0\u00bb12381&Prime; img_size=\u00a0\u00bbfull\u00a0\u00bb alignment=\u00a0\u00bbcenter\u00a0\u00bb css_animation=\u00a0\u00bbfadeInRight\u00a0\u00bb css=\u00a0\u00bb\u00a0\u00bb][\/vc_column][vc_column css_animation=\u00a0\u00bbnone\u00a0\u00bb width=\u00a0\u00bb4\/12&Prime; el_class=\u00a0\u00bbpr-lg-5&Prime;][vc_custom_heading text=\u00a0\u00bbPROJET VEDETTE\u00a0\u00bb use_theme_fonts=\u00a0\u00bbyes\u00a0\u00bb el_class=\u00a0\u00bbsub-title mb-1&Prime;][vc_custom_heading text=\u00a0\u00bbHITACHI ABB NEW FACTORY\u00a0\u00bb font_container=\u00a0\u00bbtag:h2|font_size:22|text_align:left\u00a0\u00bb use_theme_fonts=\u00a0\u00bbyes\u00a0\u00bb css=\u00a0\u00bb\u00a0\u00bb el_class=\u00a0\u00bbmain-title\u00a0\u00bb][vc_column_text css_animation=\u00a0\u00bbnone\u00a0\u00bb css=\u00a0\u00bb\u00a0\u00bb el_class=\u00a0\u00bbmb-lg-4 mb-2&Prime;]ABB Power Grids Vietnam Limited, qui fait partie d\u2019Hitachi ABB Power Grids &#8211; un leader pionnier dans le domaine de l&rsquo;\u00e9nergie et de la technologie pour la transition d&rsquo;\u00e9nergie mondiale, a pr\u00e9vu d&rsquo;ajouter une nouvelle usine au projet Hitachi ABB Viet Nam et s\u00e9lectionn\u00e9 TUAN LE pour devenir le principal contractant de leur projet.[\/vc_column_text][vc_column_text el_class=\u00a0\u00bbmb-0&Prime;]<\/p>\n<p class=\"more\"><a href=\"https:\/\/tuanle.com.vn\/fr\/notre-travail\/\">VOIR NOTRE TRAVAIL<\/a><\/p>\n<p>[\/vc_column_text][\/vc_column][\/vc_row][vc_row][vc_column][vc_empty_space height=\u00a0\u00bb41px\u00a0\u00bb][\/vc_column][\/vc_row][vc_row full_width=\u00a0\u00bbstretch_row_content_no_spaces\u00a0\u00bb][vc_column]<div class=\"news-grid\">\n <article class=\"mb-5 bg-white post-13210 post type-post status-publish format-standard has-post-thumbnail hentry category-nouvelles\" id=\"post-13210\">\n    <div class=\"row no-padding\">\n        <div class=\"col-lg-7\">\n            <div class=\"thumbnail wpb_animate_when_almost_visible wpb_fadeInLeft fadeInLeft\">\n                <a href=\"https:\/\/tuanle.com.vn\/fr\/tuan-le-construction-reconduite-par-tata-coffee-pour-la-phase-2-dextension-de-son-usine\/\"><img decoding=\"async\" width=\"3190\" height=\"1770\" src=\"https:\/\/tuanle.com.vn\/wp-content\/uploads\/2026\/04\/TLC_MKT_Hinh-anh-du-an.png\" class=\"attachment-post-thumbnail size-post-thumbnail wp-post-image\" alt=\"\" srcset=\"https:\/\/tuanle.com.vn\/wp-content\/uploads\/2026\/04\/TLC_MKT_Hinh-anh-du-an.png 3190w, https:\/\/tuanle.com.vn\/wp-content\/uploads\/2026\/04\/TLC_MKT_Hinh-anh-du-an-300x166.png 300w, https:\/\/tuanle.com.vn\/wp-content\/uploads\/2026\/04\/TLC_MKT_Hinh-anh-du-an-1024x568.png 1024w, https:\/\/tuanle.com.vn\/wp-content\/uploads\/2026\/04\/TLC_MKT_Hinh-anh-du-an-768x426.png 768w, https:\/\/tuanle.com.vn\/wp-content\/uploads\/2026\/04\/TLC_MKT_Hinh-anh-du-an-1536x852.png 1536w, https:\/\/tuanle.com.vn\/wp-content\/uploads\/2026\/04\/TLC_MKT_Hinh-anh-du-an-2048x1136.png 2048w\" sizes=\"(max-width: 3190px) 100vw, 3190px\" \/><\/a>\n            <\/div>\n        <\/div>\n        <div class=\"col-lg-4\">\n            <div class=\"pl-lg-5\">\n\t\t\t\t<h2 class=\"vc_custom_heading sub-title mb-1\">DERNI\u00c8RES NOUVELLES<\/h2>\n            <h2 class=\"vc_custom_heading main-title\"><a href=\"https:\/\/tuanle.com.vn\/fr\/tuan-le-construction-reconduite-par-tata-coffee-pour-la-phase-2-dextension-de-son-usine\/\" title=\"Tuan Le Construction reconduite par Tata Coffee pour la phase 2 d\u2019extension de son usine\">Tuan Le Construction reconduite par Tata Coffee pour la phase 2 d\u2019extension de son usine<\/a><\/h2>\n\t\t\t\t<div class=\"excerpt\">\n\t\t\t\t\t<p>Tuan Le Construction a de nouveau \u00e9t\u00e9 s\u00e9lectionn\u00e9e par Tata Coffee, filiale du Tata Group, en tant qu\u2019entrepreneur principal pour la phase 2 de l\u2019extension de son site de production au Vietnam.<\/p>\n\t\t\t\t<\/div>\n            <p class=\"more\"><a href=\"https:\/\/tuanle.com.vn\/fr\/category\/nouvelles\/\">Visiter la nouvelles<\/a><\/p>\n                <\/div>\n        <\/div>\n\t\t<div class=\"col-lg-1\">\n\t\t<\/div>\n    <\/div>\n\n<\/article><!-- #post-## -->\n        <\/div>\n[\/vc_column][\/vc_row][vc_row][vc_column][vc_empty_space height=\u00a0\u00bb41px\u00a0\u00bb][\/vc_column][\/vc_row][vc_row full_width=\u00a0\u00bbstretch_row_content_no_spaces\u00a0\u00bb equal_height=\u00a0\u00bbyes\u00a0\u00bb][vc_column css_animation=\u00a0\u00bbfadeInLeft\u00a0\u00bb width=\u00a0\u00bb1\/12&Prime;][\/vc_column][vc_column width=\u00a0\u00bb7\/12&Prime; el_class=\u00a0\u00bborder-lg-3&Prime;][vc_single_image image=\u00a0\u00bb7680&Prime; img_size=\u00a0\u00bbfull\u00a0\u00bb alignment=\u00a0\u00bbcenter\u00a0\u00bb css_animation=\u00a0\u00bbfadeInRight\u00a0\u00bb][\/vc_column][vc_column css_animation=\u00a0\u00bbnone\u00a0\u00bb width=\u00a0\u00bb4\/12&Prime; el_class=\u00a0\u00bbpr-lg-5&Prime;][vc_custom_heading text=\u00a0\u00bbNOUS CONTACTER\u00a0\u00bb use_theme_fonts=\u00a0\u00bbyes\u00a0\u00bb el_class=\u00a0\u00bbsub-title mb-1&Prime;][vc_column_text css_animation=\u00a0\u00bbnone\u00a0\u00bb el_class=\u00a0\u00bbmb-lg-4 mb-2&Prime;]<\/p>\n<p style=\"text-align: justify;\">Si vous avez des questions ou des demandes de renseignements, notre \u00e9quipe est toujours l\u00e0 pour vous aider.<\/p>\n<p>[\/vc_column_text][vc_column_text el_class=\u00a0\u00bbmb-0&Prime;]<\/p>\n<p class=\"more\"><a href=\"https:\/\/tuanle.com.vn\/fr\/nous-contacter\/\">CONTACTER MAINTENANT<\/a><\/p>\n<p>[\/vc_column_text][\/vc_column][\/vc_row]<\/p>\n<\/div>","protected":false},"excerpt":{"rendered":"<p>[vc_row][vc_column][vc_empty_space height=\u00a0\u00bb41px\u00a0\u00bb el_class=\u00a0\u00bbd-none d-lg-block\u00a0\u00bb][\/vc_column][\/vc_row][vc_row full_width=\u00a0\u00bbstretch_row_content_no_spaces\u00a0\u00bb][vc_column css_animation=\u00a0\u00bbfadeInLeft\u00a0\u00bb width=\u00a0\u00bb7\/12&Prime;][vc_single_image image=\u00a0\u00bb9928&Prime; img_size=\u00a0\u00bbfull\u00a0\u00bb alignment=\u00a0\u00bbcenter\u00a0\u00bb][\/vc_column][vc_column width=\u00a0\u00bb4\/12&Prime; el_class=\u00a0\u00bbpl-lg-5&Prime;][vc_custom_heading text=\u00a0\u00bbQUI NOUS SOMMES\u00a0\u00bb use_theme_fonts=\u00a0\u00bbyes\u00a0\u00bb el_class=\u00a0\u00bbsub-title mb-1&Prime;][vc_custom_heading text=\u00a0\u00bbDEPUIS NOTRE CR\u00c9ATION EN 2009, TUAN LE CONSTRUCTION A \u00c9T\u00c9 MEN\u00c9 PAR LES VALEURS FAMILLES, LA CONFIANCE ET L\u2019INT\u00c9GRIT\u00c9.\u00a0\u00bb font_container=\u00a0\u00bbtag:h2|font_size:22|text_align:left\u00a0\u00bb use_theme_fonts=\u00a0\u00bbyes\u00a0\u00bb el_class=\u00a0\u00bbmain-title\u00a0\u00bb link=\u00a0\u00bburl:https%3A%2F%2Ftuanle.com.vn%2Ffr%2Ftuan-le-continues-to-build-the-next-phase-of-british-university-vietnams-campus-development%2F|title:TUAN%20LE%20POURSUIT%20LA%20CONSTRUCTION%20DE%20LA%20PROCHAINE%20PHASE%20DU%20D%C3%89VELOPPEMENT%20DU%20CAMPUS%20DE%20L%E2%80%99UNIVERSIT%C3%89%20BRITANNIQUE%20DU%20VIETNAM||\u00a0\u00bb][vc_column_text css_animation=\u00a0\u00bbnone\u00a0\u00bb el_class=\u00a0\u00bbmb-lg-4 mb-2&Prime;]D\u00e8s le premier jour, nous nous sommes engag\u00e9s \u00e0 assurer la s\u00e9curit\u00e9<\/p>\n","protected":false},"author":1,"featured_media":0,"parent":0,"menu_order":0,"comment_status":"closed","ping_status":"closed","template":"page-templates\/fullwidthpage.php","meta":{"_acf_changed":false,"footnotes":""},"acf":[],"yoast_head":"<!-- This site is optimized with the Yoast SEO plugin v22.6 - https:\/\/yoast.com\/wordpress\/plugins\/seo\/ -->\n<title>Accueil | TUAN LE Construction<\/title>\n<meta name=\"robots\" content=\"index, follow, max-snippet:-1, max-image-preview:large, max-video-preview:-1\" \/>\n<link rel=\"canonical\" href=\"https:\/\/tuanle.com.vn\/fr\/\" \/>\n<meta property=\"og:locale\" content=\"fr_FR\" \/>\n<meta property=\"og:type\" content=\"article\" \/>\n<meta property=\"og:title\" content=\"Accueil | TUAN LE Construction\" \/>\n<meta property=\"og:description\" content=\"[vc_row][vc_column][vc_empty_space height=\u00a0\u00bb41px\u00a0\u00bb el_class=\u00a0\u00bbd-none d-lg-block\u00a0\u00bb][\/vc_column][\/vc_row][vc_row full_width=\u00a0\u00bbstretch_row_content_no_spaces\u00a0\u00bb][vc_column css_animation=\u00a0\u00bbfadeInLeft\u00a0\u00bb width=\u00a0\u00bb7\/12&Prime;][vc_single_image image=\u00a0\u00bb9928&Prime; img_size=\u00a0\u00bbfull\u00a0\u00bb alignment=\u00a0\u00bbcenter\u00a0\u00bb][\/vc_column][vc_column width=\u00a0\u00bb4\/12&Prime; el_class=\u00a0\u00bbpl-lg-5&Prime;][vc_custom_heading text=\u00a0\u00bbQUI NOUS SOMMES\u00a0\u00bb use_theme_fonts=\u00a0\u00bbyes\u00a0\u00bb el_class=\u00a0\u00bbsub-title mb-1&Prime;][vc_custom_heading text=\u00a0\u00bbDEPUIS NOTRE CR\u00c9ATION EN 2009, TUAN LE CONSTRUCTION A \u00c9T\u00c9 MEN\u00c9 PAR LES VALEURS FAMILLES, LA CONFIANCE ET L\u2019INT\u00c9GRIT\u00c9.\u00a0\u00bb font_container=\u00a0\u00bbtag:h2|font_size:22|text_align:left\u00a0\u00bb use_theme_fonts=\u00a0\u00bbyes\u00a0\u00bb el_class=\u00a0\u00bbmain-title\u00a0\u00bb link=\u00a0\u00bburl:https%3A%2F%2Ftuanle.com.vn%2Ffr%2Ftuan-le-continues-to-build-the-next-phase-of-british-university-vietnams-campus-development%2F|title:TUAN%20LE%20POURSUIT%20LA%20CONSTRUCTION%20DE%20LA%20PROCHAINE%20PHASE%20DU%20D%C3%89VELOPPEMENT%20DU%20CAMPUS%20DE%20L%E2%80%99UNIVERSIT%C3%89%20BRITANNIQUE%20DU%20VIETNAM||\u00a0\u00bb][vc_column_text css_animation=\u00a0\u00bbnone\u00a0\u00bb el_class=\u00a0\u00bbmb-lg-4 mb-2&Prime;]D\u00e8s le premier jour, nous nous sommes engag\u00e9s \u00e0 assurer la s\u00e9curit\u00e9\" \/>\n<meta property=\"og:url\" content=\"https:\/\/tuanle.com.vn\/fr\/\" \/>\n<meta property=\"og:site_name\" content=\"TUAN LE Construction\" \/>\n<meta property=\"article:publisher\" content=\"https:\/\/www.facebook.com\/TUANLECONSTRUCTION\" \/>\n<meta property=\"article:modified_time\" content=\"2025-04-22T09:25:58+00:00\" \/>\n<meta name=\"twitter:card\" content=\"summary_large_image\" \/>\n<meta name=\"twitter:label1\" content=\"Dur\u00e9e de lecture estim\u00e9e\" \/>\n\t<meta name=\"twitter:data1\" content=\"2 minutes\" \/>\n<script type=\"application\/ld+json\" class=\"yoast-schema-graph\">{\"@context\":\"https:\/\/schema.org\",\"@graph\":[{\"@type\":\"WebPage\",\"@id\":\"https:\/\/tuanle.com.vn\/fr\/\",\"url\":\"https:\/\/tuanle.com.vn\/fr\/\",\"name\":\"Accueil | TUAN LE Construction\",\"isPartOf\":{\"@id\":\"https:\/\/tuanle.com.vn\/#website\"},\"datePublished\":\"2020-07-08T04:18:34+00:00\",\"dateModified\":\"2025-04-22T09:25:58+00:00\",\"breadcrumb\":{\"@id\":\"https:\/\/tuanle.com.vn\/fr\/#breadcrumb\"},\"inLanguage\":\"fr-FR\",\"potentialAction\":[{\"@type\":\"ReadAction\",\"target\":[\"https:\/\/tuanle.com.vn\/fr\/\"]}]},{\"@type\":\"BreadcrumbList\",\"@id\":\"https:\/\/tuanle.com.vn\/fr\/#breadcrumb\",\"itemListElement\":[{\"@type\":\"ListItem\",\"position\":1,\"name\":\"Home\",\"item\":\"https:\/\/tuanle.com.vn\/fr\/\"},{\"@type\":\"ListItem\",\"position\":2,\"name\":\"Accueil\"}]},{\"@type\":\"WebSite\",\"@id\":\"https:\/\/tuanle.com.vn\/#website\",\"url\":\"https:\/\/tuanle.com.vn\/\",\"name\":\"We Fulfill Our Promises\",\"description\":\"We Fulfill Our Promises\",\"publisher\":{\"@id\":\"https:\/\/tuanle.com.vn\/#organization\"},\"potentialAction\":[{\"@type\":\"SearchAction\",\"target\":{\"@type\":\"EntryPoint\",\"urlTemplate\":\"https:\/\/tuanle.com.vn\/?s={search_term_string}\"},\"query-input\":\"required name=search_term_string\"}],\"inLanguage\":\"fr-FR\"},{\"@type\":\"Organization\",\"@id\":\"https:\/\/tuanle.com.vn\/#organization\",\"name\":\"Construction\",\"url\":\"https:\/\/tuanle.com.vn\/\",\"logo\":{\"@type\":\"ImageObject\",\"inLanguage\":\"fr-FR\",\"@id\":\"https:\/\/tuanle.com.vn\/#\/schema\/logo\/image\/\",\"url\":\"https:\/\/tuanle.com.vn\/wp-content\/uploads\/2020\/08\/logo_TLC.png\",\"contentUrl\":\"https:\/\/tuanle.com.vn\/wp-content\/uploads\/2020\/08\/logo_TLC.png\",\"width\":3507,\"height\":4725,\"caption\":\"Construction\"},\"image\":{\"@id\":\"https:\/\/tuanle.com.vn\/#\/schema\/logo\/image\/\"},\"sameAs\":[\"https:\/\/www.facebook.com\/TUANLECONSTRUCTION\"]}]}<\/script>\n<!-- \/ Yoast SEO plugin. -->","yoast_head_json":{"title":"Accueil | TUAN LE Construction","robots":{"index":"index","follow":"follow","max-snippet":"max-snippet:-1","max-image-preview":"max-image-preview:large","max-video-preview":"max-video-preview:-1"},"canonical":"https:\/\/tuanle.com.vn\/fr\/","og_locale":"fr_FR","og_type":"article","og_title":"Accueil | TUAN LE Construction","og_description":"[vc_row][vc_column][vc_empty_space height=\u00a0\u00bb41px\u00a0\u00bb el_class=\u00a0\u00bbd-none d-lg-block\u00a0\u00bb][\/vc_column][\/vc_row][vc_row full_width=\u00a0\u00bbstretch_row_content_no_spaces\u00a0\u00bb][vc_column css_animation=\u00a0\u00bbfadeInLeft\u00a0\u00bb width=\u00a0\u00bb7\/12&Prime;][vc_single_image image=\u00a0\u00bb9928&Prime; img_size=\u00a0\u00bbfull\u00a0\u00bb alignment=\u00a0\u00bbcenter\u00a0\u00bb][\/vc_column][vc_column width=\u00a0\u00bb4\/12&Prime; el_class=\u00a0\u00bbpl-lg-5&Prime;][vc_custom_heading text=\u00a0\u00bbQUI NOUS SOMMES\u00a0\u00bb use_theme_fonts=\u00a0\u00bbyes\u00a0\u00bb el_class=\u00a0\u00bbsub-title mb-1&Prime;][vc_custom_heading text=\u00a0\u00bbDEPUIS NOTRE CR\u00c9ATION EN 2009, TUAN LE CONSTRUCTION A \u00c9T\u00c9 MEN\u00c9 PAR LES VALEURS FAMILLES, LA CONFIANCE ET L\u2019INT\u00c9GRIT\u00c9.\u00a0\u00bb font_container=\u00a0\u00bbtag:h2|font_size:22|text_align:left\u00a0\u00bb use_theme_fonts=\u00a0\u00bbyes\u00a0\u00bb el_class=\u00a0\u00bbmain-title\u00a0\u00bb link=\u00a0\u00bburl:https%3A%2F%2Ftuanle.com.vn%2Ffr%2Ftuan-le-continues-to-build-the-next-phase-of-british-university-vietnams-campus-development%2F|title:TUAN%20LE%20POURSUIT%20LA%20CONSTRUCTION%20DE%20LA%20PROCHAINE%20PHASE%20DU%20D%C3%89VELOPPEMENT%20DU%20CAMPUS%20DE%20L%E2%80%99UNIVERSIT%C3%89%20BRITANNIQUE%20DU%20VIETNAM||\u00a0\u00bb][vc_column_text css_animation=\u00a0\u00bbnone\u00a0\u00bb el_class=\u00a0\u00bbmb-lg-4 mb-2&Prime;]D\u00e8s le premier jour, nous nous sommes engag\u00e9s \u00e0 assurer la s\u00e9curit\u00e9","og_url":"https:\/\/tuanle.com.vn\/fr\/","og_site_name":"TUAN LE Construction","article_publisher":"https:\/\/www.facebook.com\/TUANLECONSTRUCTION","article_modified_time":"2025-04-22T09:25:58+00:00","twitter_card":"summary_large_image","twitter_misc":{"Dur\u00e9e de lecture estim\u00e9e":"2 minutes"},"schema":{"@context":"https:\/\/schema.org","@graph":[{"@type":"WebPage","@id":"https:\/\/tuanle.com.vn\/fr\/","url":"https:\/\/tuanle.com.vn\/fr\/","name":"Accueil | TUAN LE Construction","isPartOf":{"@id":"https:\/\/tuanle.com.vn\/#website"},"datePublished":"2020-07-08T04:18:34+00:00","dateModified":"2025-04-22T09:25:58+00:00","breadcrumb":{"@id":"https:\/\/tuanle.com.vn\/fr\/#breadcrumb"},"inLanguage":"fr-FR","potentialAction":[{"@type":"ReadAction","target":["https:\/\/tuanle.com.vn\/fr\/"]}]},{"@type":"BreadcrumbList","@id":"https:\/\/tuanle.com.vn\/fr\/#breadcrumb","itemListElement":[{"@type":"ListItem","position":1,"name":"Home","item":"https:\/\/tuanle.com.vn\/fr\/"},{"@type":"ListItem","position":2,"name":"Accueil"}]},{"@type":"WebSite","@id":"https:\/\/tuanle.com.vn\/#website","url":"https:\/\/tuanle.com.vn\/","name":"We Fulfill Our Promises","description":"We Fulfill Our Promises","publisher":{"@id":"https:\/\/tuanle.com.vn\/#organization"},"potentialAction":[{"@type":"SearchAction","target":{"@type":"EntryPoint","urlTemplate":"https:\/\/tuanle.com.vn\/?s={search_term_string}"},"query-input":"required name=search_term_string"}],"inLanguage":"fr-FR"},{"@type":"Organization","@id":"https:\/\/tuanle.com.vn\/#organization","name":"Construction","url":"https:\/\/tuanle.com.vn\/","logo":{"@type":"ImageObject","inLanguage":"fr-FR","@id":"https:\/\/tuanle.com.vn\/#\/schema\/logo\/image\/","url":"https:\/\/tuanle.com.vn\/wp-content\/uploads\/2020\/08\/logo_TLC.png","contentUrl":"https:\/\/tuanle.com.vn\/wp-content\/uploads\/2020\/08\/logo_TLC.png","width":3507,"height":4725,"caption":"Construction"},"image":{"@id":"https:\/\/tuanle.com.vn\/#\/schema\/logo\/image\/"},"sameAs":["https:\/\/www.facebook.com\/TUANLECONSTRUCTION"]}]}},"_links":{"self":[{"href":"https:\/\/tuanle.com.vn\/fr\/wp-json\/wp\/v2\/pages\/2655"}],"collection":[{"href":"https:\/\/tuanle.com.vn\/fr\/wp-json\/wp\/v2\/pages"}],"about":[{"href":"https:\/\/tuanle.com.vn\/fr\/wp-json\/wp\/v2\/types\/page"}],"author":[{"embeddable":true,"href":"https:\/\/tuanle.com.vn\/fr\/wp-json\/wp\/v2\/users\/1"}],"replies":[{"embeddable":true,"href":"https:\/\/tuanle.com.vn\/fr\/wp-json\/wp\/v2\/comments?post=2655"}],"version-history":[{"count":94,"href":"https:\/\/tuanle.com.vn\/fr\/wp-json\/wp\/v2\/pages\/2655\/revisions"}],"predecessor-version":[{"id":12384,"href":"https:\/\/tuanle.com.vn\/fr\/wp-json\/wp\/v2\/pages\/2655\/revisions\/12384"}],"wp:attachment":[{"href":"https:\/\/tuanle.com.vn\/fr\/wp-json\/wp\/v2\/media?parent=2655"}],"curies":[{"name":"wp","href":"https:\/\/api.w.org\/{rel}","templated":true}]}}