{"id":2649,"date":"2020-07-08T09:24:14","date_gmt":"2020-07-08T02:24:14","guid":{"rendered":"http:\/\/tuanle.southteam.co\/?page_id=2649"},"modified":"2025-12-05T10:19:28","modified_gmt":"2025-12-05T03:19:28","slug":"nous-contacter","status":"publish","type":"page","link":"https:\/\/tuanle.com.vn\/fr\/nous-contacter\/","title":{"rendered":"NOUS CONTACTER"},"content":{"rendered":"<div class=\"wpb-content-wrapper\"><p>[vc_row el_class=\u00a0\u00bbcontact-area\u00a0\u00bb][vc_column width=\u00a0\u00bb1\/12&Prime;][\/vc_column][vc_column width=\u00a0\u00bb10\/12&Prime;][vc_empty_space height=\u00a0\u00bb55px\u00a0\u00bb el_class=\u00a0\u00bbd-lg-none\u00a0\u00bb][vc_empty_space height=\u00a0\u00bb75px\u00a0\u00bb el_class=\u00a0\u00bbd-none d-lg-block\u00a0\u00bb][vc_empty_space height=\u00a0\u00bb20px\u00a0\u00bb][vc_tta_tabs color=\u00a0\u00bbblue\u00a0\u00bb spacing=\u00a0\u00bb3&Prime; active_section=\u00a0\u00bb1&Prime; no_fill_content_area=\u00a0\u00bbtrue\u00a0\u00bb][vc_tta_section title=\u00a0\u00bbHo Chi Minh\u00a0\u00bb tab_id=\u00a0\u00bbho-chi-minh\u00a0\u00bb][vc_row_inner][vc_column_inner width=\u00a0\u00bb1\/2&Prime;][vc_custom_heading text=\u00a0\u00bbHO CHI MINH VILLE\u00a0\u00bb use_theme_fonts=\u00a0\u00bbyes\u00a0\u00bb el_class=\u00a0\u00bbsub-title text-dark\u00a0\u00bb]<dl class=\"statSheet\">\n\t<dt class=\"\">Si\u00e8ge Social<\/dt>\n\t<dd>Tour VICTORY (ou Tour PETROLAND), 3e \u00e9tage, 12 Rue Tan Trao, Phu My Hung, Quartier de Tan My, HCMV, Vietnam<\/dd>\n<\/dl>\n<dl class=\"statSheet\">\n\t<dt class=\"\">Si\u00e8ge Social<\/dt>\n\t<dd>Tour VICTORY (ou Tour PETROLAND), 3e \u00e9tage, 12 Rue Tan Trao, Phu My Hung, Quartier de Tan My, HCMV, Vietnam<\/dd>\n<\/dl>\n<dl class=\"statSheet\">\n\t<dt class=\"\">T\u00e9l<\/dt>\n\t<dd><a href=\"tel:(+84) (28) 37 85 81 81\">(+84) (28) 37 85 81 81<\/a><br \/>\n<a href=\"tel:(+84) (28) 37 85 83 83\">(+84) (28) 37 85 83 83<\/a><br \/>\n<a href=\"tel:(+84) (28) 37 85 08 08\">(+84) (28) 37 85 08 08<\/a><\/dd>\n<\/dl>\n<dl class=\"statSheet\">\n\t<dt class=\"\">Fax<\/dt>\n\t<dd>(+84) (28) 37 85 83 83<\/dd>\n<\/dl>\n<dl class=\"statSheet\">\n\t<dt class=\"\">Email<\/dt>\n\t<dd><span style=\"color: #043ac4;\"><a style=\"color: #043ac4;\" href=\"mailto:contact@tuanle.com.vn\">contact@tuanle.com.vn<\/a><\/span><\/dd>\n<\/dl>\n[vc_empty_space height=\u00a0\u00bb65px\u00a0\u00bb el_class=\u00a0\u00bbd-xl-block d-none\u00a0\u00bb][vc_single_image image=\u00a0\u00bb2391&Prime; img_size=\u00a0\u00bbfull\u00a0\u00bb alignment=\u00a0\u00bbcenter\u00a0\u00bb onclick=\u00a0\u00bbcustom_link\u00a0\u00bb img_link_target=\u00a0\u00bb_blank\u00a0\u00bb link=\u00a0\u00bbhttps:\/\/www.google.com\/maps\/place\/Tuan+Le+Construction\/@10.7291489,106.7207682,16.5z\/data=!4m5!3m4!1s0x3175255a513ce29d:0x3a70556b0f57ea10!8m2!3d10.7293947!4d106.7233257?hl=en\u00a0\u00bb][\/vc_column_inner][vc_column_inner el_class=\u00a0\u00bbpx-lg-4&Prime; width=\u00a0\u00bb1\/2&Prime;][vc_single_image image=\u00a0\u00bb3158&Prime; img_size=\u00a0\u00bbfull\u00a0\u00bb alignment=\u00a0\u00bbcenter\u00a0\u00bb el_class=\u00a0\u00bbmb-lg-0&Prime;][\/vc_column_inner][\/vc_row_inner][\/vc_tta_section][vc_tta_section title=\u00a0\u00bbHa Noi\u00a0\u00bb tab_id=\u00a0\u00bbha-noi\u00a0\u00bb][vc_row_inner][vc_column_inner width=\u00a0\u00bb1\/2&Prime;][vc_custom_heading text=\u00a0\u00bbHA NOI\u00a0\u00bb use_theme_fonts=\u00a0\u00bbyes\u00a0\u00bb el_class=\u00a0\u00bbsub-title text-dark\u00a0\u00bb]<dl class=\"statSheet\">\n\t<dt class=\"\">Bureau de Ha Noi<\/dt>\n\t<dd>Belvedere Building, 28A rue Tran Hung Dao, quartier Cua Nam, Ville de Hanoi, Vietnam<\/dd>\n<\/dl>\n<dl class=\"statSheet\">\n\t<dt class=\"\">T\u00e9l<\/dt>\n\t<dd><a href=\"tel:(+84) (28) 37 85 81 81\">(+84) (28) 37 85 81 81<\/a><br \/>\n<a href=\"tel:(+84) (28) 37 85 83 83\">(+84) (28) 37 85 83 83<\/a><br \/>\n<a href=\"tel:(+84) (28) 37 85 08 08\">(+84) (28) 37 85 08 08<\/a><\/dd>\n<\/dl>\n<dl class=\"statSheet\">\n\t<dt class=\"\">Fax<\/dt>\n\t<dd>(+84) (28) 37 85 83 83<\/dd>\n<\/dl>\n<dl class=\"statSheet\">\n\t<dt class=\"\">Email<\/dt>\n\t<dd><span style=\"color: #043ac4;\"><a style=\"color: #043ac4;\" href=\"mailto:contact@tuanle.com.vn\">contact@tuanle.com.vn<\/a><\/span><\/p>\n<p><\/dd>\n<\/dl>\n[vc_empty_space height=\u00a0\u00bb75px\u00a0\u00bb el_class=\u00a0\u00bbd-xl-block d-none\u00a0\u00bb][vc_empty_space height=\u00a0\u00bb15px\u00a0\u00bb el_class=\u00a0\u00bbd-xl-none\u00a0\u00bb][vc_single_image image=\u00a0\u00bb12941&Prime; img_size=\u00a0\u00bbfull\u00a0\u00bb onclick=\u00a0\u00bbcustom_link\u00a0\u00bb img_link_target=\u00a0\u00bb_blank\u00a0\u00bb css=\u00a0\u00bb\u00a0\u00bb link=\u00a0\u00bbhttps:\/\/goo.gl\/maps\/4LTeP8QQPp8cet7GA\u00a0\u00bb][\/vc_column_inner][vc_column_inner el_class=\u00a0\u00bbpx-lg-4&Prime; width=\u00a0\u00bb1\/2&Prime;][vc_single_image image=\u00a0\u00bb3159&Prime; img_size=\u00a0\u00bbfull\u00a0\u00bb alignment=\u00a0\u00bbcenter\u00a0\u00bb el_class=\u00a0\u00bbmb-lg-0&Prime;][\/vc_column_inner][\/vc_row_inner][\/vc_tta_section][\/vc_tta_tabs][\/vc_column][vc_column width=\u00a0\u00bb1\/12&Prime;][\/vc_column][\/vc_row][vc_row][vc_column width=\u00a0\u00bb1\/12&Prime;][\/vc_column][vc_column width=\u00a0\u00bb10\/12&Prime;][vc_single_image image=\u00a0\u00bb10058&Prime; img_size=\u00a0\u00bbfull\u00a0\u00bb alignment=\u00a0\u00bbcenter\u00a0\u00bb css_animation=\u00a0\u00bbfadeInLeft\u00a0\u00bb][\/vc_column][vc_column width=\u00a0\u00bb1\/12&Prime;][\/vc_column][\/vc_row][vc_row][vc_column width=\u00a0\u00bb1\/12&Prime;][\/vc_column][vc_column width=\u00a0\u00bb10\/12&Prime;][vc_empty_space height=\u00a0\u00bb25px\u00a0\u00bb][\/vc_column][vc_column width=\u00a0\u00bb1\/12&Prime;][\/vc_column][\/vc_row][vc_row][vc_column width=\u00a0\u00bb1\/12&Prime;][\/vc_column][vc_column width=\u00a0\u00bb10\/12&Prime;][vc_custom_heading text=\u00a0\u00bbFormulaire de contact\u00a0\u00bb use_theme_fonts=\u00a0\u00bbyes\u00a0\u00bb el_class=\u00a0\u00bbtext-uppercase title\u00a0\u00bb][vc_empty_space height=\u00a0\u00bb31px\u00a0\u00bb el_class=\u00a0\u00bbd-none d-lg-block\u00a0\u00bb][vc_empty_space height=\u00a0\u00bb6px\u00a0\u00bb el_class=\u00a0\u00bbd-lg-none\u00a0\u00bb]\n<div class=\"wpcf7 no-js\" id=\"wpcf7-f5618-o1\" lang=\"vi\" dir=\"ltr\">\n<div class=\"screen-reader-response\"><p role=\"status\" aria-live=\"polite\" aria-atomic=\"true\"><\/p> <ul><\/ul><\/div>\n<form action=\"\/fr\/wp-json\/wp\/v2\/pages\/2649#wpcf7-f5618-o1\" method=\"post\" class=\"wpcf7-form init\" aria-label=\"Form li\u00ean h\u1ec7\" novalidate=\"novalidate\" data-status=\"init\">\n<div style=\"display: none;\">\n<input type=\"hidden\" name=\"_wpcf7\" value=\"5618\" \/>\n<input type=\"hidden\" name=\"_wpcf7_version\" value=\"5.9.4\" \/>\n<input type=\"hidden\" name=\"_wpcf7_locale\" value=\"vi\" \/>\n<input type=\"hidden\" name=\"_wpcf7_unit_tag\" value=\"wpcf7-f5618-o1\" \/>\n<input type=\"hidden\" name=\"_wpcf7_container_post\" value=\"0\" \/>\n<input type=\"hidden\" name=\"_wpcf7_posted_data_hash\" value=\"\" \/>\n<input type=\"hidden\" name=\"_wpcf7_recaptcha_response\" value=\"\" \/>\n<\/div>\n<div class=\"row\">\n\t<div class=\"col-md-6\">\n\t\t<p><span class=\"wpcf7-form-control-wrap\" data-name=\"your-name\"><input size=\"40\" class=\"wpcf7-form-control wpcf7-text wpcf7-validates-as-required rounded-0 mb-3 p-2\" aria-required=\"true\" aria-invalid=\"false\" placeholder=\"Votre Nom\" value=\"\" type=\"text\" name=\"your-name\" \/><\/span>\n\t\t<\/p>\n\t<\/div>\n\t<div class=\"col-md-6\">\n\t\t<p><span class=\"wpcf7-form-control-wrap\" data-name=\"your-email\"><input size=\"40\" class=\"wpcf7-form-control wpcf7-email wpcf7-validates-as-required wpcf7-text wpcf7-validates-as-email rounded-0 mb-3 p-2\" aria-required=\"true\" aria-invalid=\"false\" placeholder=\"Votre e-mail\" value=\"\" type=\"email\" name=\"your-email\" \/><\/span>\n\t\t<\/p>\n\t<\/div>\n\t<div class=\"col-md-6\">\n\t\t<p><span class=\"wpcf7-form-control-wrap\" data-name=\"tel-822\"><input size=\"40\" class=\"wpcf7-form-control wpcf7-tel wpcf7-text wpcf7-validates-as-tel rounded-0 mb-3 p-2\" aria-invalid=\"false\" placeholder=\"Votre Num\u00e9ro de T\u00e9l\u00e9phone\" value=\"\" type=\"tel\" name=\"tel-822\" \/><\/span>\n\t\t<\/p>\n\t<\/div>\n\t<div class=\"col-md-6\">\n\t\t<p><span class=\"wpcf7-form-control-wrap\" data-name=\"your-subject\"><input size=\"40\" class=\"wpcf7-form-control wpcf7-text rounded-0 mb-3 p-2\" aria-invalid=\"false\" placeholder=\"Sujet\" value=\"\" type=\"text\" name=\"your-subject\" \/><\/span>\n\t\t<\/p>\n\t<\/div>\n\t<div class=\"col-12\">\n\t\t<p><span class=\"wpcf7-form-control-wrap\" data-name=\"your-message\"><textarea cols=\"10\" rows=\"4\" class=\"wpcf7-form-control wpcf7-textarea rounded-0 mb-3 p-2\" aria-invalid=\"false\" placeholder=\"Message\" name=\"your-message\"><\/textarea><\/span>\n\t\t<\/p>\n\t<\/div>\n\t<div class=\"col-lg-12 col-12\">\n\t<span class=\"wpcf7-form-control-wrap recaptcha\" data-name=\"recaptcha\"><span data-sitekey=\"6Lcap7gZAAAAAFd4lFaKUQduJnIvMC317a1Me57s\" class=\"wpcf7-form-control wpcf7-recaptcha g-recaptcha\"><\/span>\r\n<noscript>\r\n\t<div class=\"grecaptcha-noscript\">\r\n\t\t<iframe src=\"https:\/\/www.google.com\/recaptcha\/api\/fallback?k=6Lcap7gZAAAAAFd4lFaKUQduJnIvMC317a1Me57s\" frameborder=\"0\" scrolling=\"no\" width=\"310\" height=\"430\">\r\n\t\t<\/iframe>\r\n\t\t<textarea name=\"g-recaptcha-response\" rows=\"3\" cols=\"40\" placeholder=\"reCaptcha Response Here\">\r\n\t\t<\/textarea>\r\n\t<\/div>\r\n<\/noscript>\r\n<\/span>\n\t<\/div>\n\t<div class=\"col-lg-2 col-5 col-sm-6\">\n\t\t<p><input class=\"wpcf7-form-control wpcf7-submit has-spinner btn btn-block mt-3 rounded-0\" type=\"submit\" value=\"Envoi\" \/>\n\t\t<\/p>\n\t<\/div>\n<\/div><div class=\"wpcf7-response-output\" aria-hidden=\"true\"><\/div>\n<\/form>\n<\/div>\n[\/vc_column][vc_column width=\u00a0\u00bb1\/12&Prime;][\/vc_column][\/vc_row]<\/p>\n<\/div>","protected":false},"excerpt":{"rendered":"<p>[vc_row el_class=\u00a0\u00bbcontact-area\u00a0\u00bb][vc_column width=\u00a0\u00bb1\/12&Prime;][\/vc_column][vc_column width=\u00a0\u00bb10\/12&Prime;][vc_empty_space height=\u00a0\u00bb55px\u00a0\u00bb el_class=\u00a0\u00bbd-lg-none\u00a0\u00bb][vc_empty_space height=\u00a0\u00bb75px\u00a0\u00bb el_class=\u00a0\u00bbd-none d-lg-block\u00a0\u00bb][vc_empty_space height=\u00a0\u00bb20px\u00a0\u00bb][vc_tta_tabs color=\u00a0\u00bbblue\u00a0\u00bb spacing=\u00a0\u00bb3&Prime; active_section=\u00a0\u00bb1&Prime; no_fill_content_area=\u00a0\u00bbtrue\u00a0\u00bb][vc_tta_section title=\u00a0\u00bbHo Chi Minh\u00a0\u00bb tab_id=\u00a0\u00bbho-chi-minh\u00a0\u00bb][vc_row_inner][vc_column_inner width=\u00a0\u00bb1\/2&Prime;][vc_custom_heading text=\u00a0\u00bbHO CHI MINH VILLE\u00a0\u00bb use_theme_fonts=\u00a0\u00bbyes\u00a0\u00bb el_class=\u00a0\u00bbsub-title text-dark\u00a0\u00bb][vc_empty_space height=\u00a0\u00bb65px\u00a0\u00bb el_class=\u00a0\u00bbd-xl-block d-none\u00a0\u00bb][vc_single_image image=\u00a0\u00bb2391&Prime; img_size=\u00a0\u00bbfull\u00a0\u00bb alignment=\u00a0\u00bbcenter\u00a0\u00bb onclick=\u00a0\u00bbcustom_link\u00a0\u00bb img_link_target=\u00a0\u00bb_blank\u00a0\u00bb link=\u00a0\u00bbhttps:\/\/www.google.com\/maps\/place\/Tuan+Le+Construction\/@10.7291489,106.7207682,16.5z\/data=!4m5!3m4!1s0x3175255a513ce29d:0x3a70556b0f57ea10!8m2!3d10.7293947!4d106.7233257?hl=en\u00a0\u00bb][\/vc_column_inner][vc_column_inner el_class=\u00a0\u00bbpx-lg-4&Prime; width=\u00a0\u00bb1\/2&Prime;][vc_single_image image=\u00a0\u00bb3158&Prime; img_size=\u00a0\u00bbfull\u00a0\u00bb alignment=\u00a0\u00bbcenter\u00a0\u00bb el_class=\u00a0\u00bbmb-lg-0&Prime;][\/vc_column_inner][\/vc_row_inner][\/vc_tta_section][vc_tta_section title=\u00a0\u00bbHa Noi\u00a0\u00bb tab_id=\u00a0\u00bbha-noi\u00a0\u00bb][vc_row_inner][vc_column_inner width=\u00a0\u00bb1\/2&Prime;][vc_custom_heading text=\u00a0\u00bbHA NOI\u00a0\u00bb use_theme_fonts=\u00a0\u00bbyes\u00a0\u00bb el_class=\u00a0\u00bbsub-title text-dark\u00a0\u00bb][vc_empty_space height=\u00a0\u00bb75px\u00a0\u00bb el_class=\u00a0\u00bbd-xl-block d-none\u00a0\u00bb][vc_empty_space height=\u00a0\u00bb15px\u00a0\u00bb el_class=\u00a0\u00bbd-xl-none\u00a0\u00bb][vc_single_image<\/p>\n","protected":false},"author":1,"featured_media":6240,"parent":0,"menu_order":0,"comment_status":"closed","ping_status":"closed","template":"page-templates\/fullwidthpage.php","meta":{"_acf_changed":false,"footnotes":""},"acf":[],"yoast_head":"<!-- This site is optimized with the Yoast SEO plugin v22.6 - https:\/\/yoast.com\/wordpress\/plugins\/seo\/ -->\n<title>NOUS CONTACTER | TUAN LE Construction<\/title>\n<meta name=\"robots\" content=\"index, follow, max-snippet:-1, max-image-preview:large, max-video-preview:-1\" \/>\n<link rel=\"canonical\" href=\"https:\/\/tuanle.com.vn\/fr\/nous-contacter\/\" \/>\n<meta property=\"og:locale\" content=\"fr_FR\" \/>\n<meta property=\"og:type\" content=\"article\" \/>\n<meta property=\"og:title\" content=\"NOUS CONTACTER | TUAN LE Construction\" \/>\n<meta property=\"og:description\" content=\"[vc_row el_class=\u00a0\u00bbcontact-area\u00a0\u00bb][vc_column width=\u00a0\u00bb1\/12&Prime;][\/vc_column][vc_column width=\u00a0\u00bb10\/12&Prime;][vc_empty_space height=\u00a0\u00bb55px\u00a0\u00bb el_class=\u00a0\u00bbd-lg-none\u00a0\u00bb][vc_empty_space height=\u00a0\u00bb75px\u00a0\u00bb el_class=\u00a0\u00bbd-none d-lg-block\u00a0\u00bb][vc_empty_space height=\u00a0\u00bb20px\u00a0\u00bb][vc_tta_tabs color=\u00a0\u00bbblue\u00a0\u00bb spacing=\u00a0\u00bb3&Prime; active_section=\u00a0\u00bb1&Prime; no_fill_content_area=\u00a0\u00bbtrue\u00a0\u00bb][vc_tta_section title=\u00a0\u00bbHo Chi Minh\u00a0\u00bb tab_id=\u00a0\u00bbho-chi-minh\u00a0\u00bb][vc_row_inner][vc_column_inner width=\u00a0\u00bb1\/2&Prime;][vc_custom_heading text=\u00a0\u00bbHO CHI MINH VILLE\u00a0\u00bb use_theme_fonts=\u00a0\u00bbyes\u00a0\u00bb el_class=\u00a0\u00bbsub-title text-dark\u00a0\u00bb][vc_empty_space height=\u00a0\u00bb65px\u00a0\u00bb el_class=\u00a0\u00bbd-xl-block d-none\u00a0\u00bb][vc_single_image image=\u00a0\u00bb2391&Prime; img_size=\u00a0\u00bbfull\u00a0\u00bb alignment=\u00a0\u00bbcenter\u00a0\u00bb onclick=\u00a0\u00bbcustom_link\u00a0\u00bb img_link_target=\u00a0\u00bb_blank\u00a0\u00bb link=\u00a0\u00bbhttps:\/\/www.google.com\/maps\/place\/Tuan+Le+Construction\/@10.7291489,106.7207682,16.5z\/data=!4m5!3m4!1s0x3175255a513ce29d:0x3a70556b0f57ea10!8m2!3d10.7293947!4d106.7233257?hl=en\u00a0\u00bb][\/vc_column_inner][vc_column_inner el_class=\u00a0\u00bbpx-lg-4&Prime; width=\u00a0\u00bb1\/2&Prime;][vc_single_image image=\u00a0\u00bb3158&Prime; img_size=\u00a0\u00bbfull\u00a0\u00bb alignment=\u00a0\u00bbcenter\u00a0\u00bb el_class=\u00a0\u00bbmb-lg-0&Prime;][\/vc_column_inner][\/vc_row_inner][\/vc_tta_section][vc_tta_section title=\u00a0\u00bbHa Noi\u00a0\u00bb tab_id=\u00a0\u00bbha-noi\u00a0\u00bb][vc_row_inner][vc_column_inner width=\u00a0\u00bb1\/2&Prime;][vc_custom_heading text=\u00a0\u00bbHA NOI\u00a0\u00bb use_theme_fonts=\u00a0\u00bbyes\u00a0\u00bb el_class=\u00a0\u00bbsub-title text-dark\u00a0\u00bb][vc_empty_space height=\u00a0\u00bb75px\u00a0\u00bb el_class=\u00a0\u00bbd-xl-block d-none\u00a0\u00bb][vc_empty_space height=\u00a0\u00bb15px\u00a0\u00bb el_class=\u00a0\u00bbd-xl-none\u00a0\u00bb][vc_single_image\" \/>\n<meta property=\"og:url\" content=\"https:\/\/tuanle.com.vn\/fr\/nous-contacter\/\" \/>\n<meta property=\"og:site_name\" content=\"TUAN LE Construction\" \/>\n<meta property=\"article:publisher\" content=\"https:\/\/www.facebook.com\/TUANLECONSTRUCTION\" \/>\n<meta property=\"article:modified_time\" content=\"2025-12-05T03:19:28+00:00\" \/>\n<meta property=\"og:image\" content=\"https:\/\/tuanle.com.vn\/wp-content\/uploads\/2020\/08\/01-scaled.jpg\" \/>\n\t<meta property=\"og:image:width\" content=\"2560\" \/>\n\t<meta property=\"og:image:height\" content=\"1707\" \/>\n\t<meta property=\"og:image:type\" content=\"image\/jpeg\" \/>\n<meta name=\"twitter:card\" content=\"summary_large_image\" \/>\n<meta name=\"twitter:label1\" content=\"Dur\u00e9e de lecture estim\u00e9e\" \/>\n\t<meta name=\"twitter:data1\" content=\"3 minutes\" \/>\n<script type=\"application\/ld+json\" class=\"yoast-schema-graph\">{\"@context\":\"https:\/\/schema.org\",\"@graph\":[{\"@type\":\"WebPage\",\"@id\":\"https:\/\/tuanle.com.vn\/fr\/nous-contacter\/\",\"url\":\"https:\/\/tuanle.com.vn\/fr\/nous-contacter\/\",\"name\":\"NOUS CONTACTER | TUAN LE Construction\",\"isPartOf\":{\"@id\":\"https:\/\/tuanle.com.vn\/#website\"},\"primaryImageOfPage\":{\"@id\":\"https:\/\/tuanle.com.vn\/fr\/nous-contacter\/#primaryimage\"},\"image\":{\"@id\":\"https:\/\/tuanle.com.vn\/fr\/nous-contacter\/#primaryimage\"},\"thumbnailUrl\":\"https:\/\/tuanle.com.vn\/wp-content\/uploads\/2020\/08\/01-scaled.jpg\",\"datePublished\":\"2020-07-08T02:24:14+00:00\",\"dateModified\":\"2025-12-05T03:19:28+00:00\",\"breadcrumb\":{\"@id\":\"https:\/\/tuanle.com.vn\/fr\/nous-contacter\/#breadcrumb\"},\"inLanguage\":\"fr-FR\",\"potentialAction\":[{\"@type\":\"ReadAction\",\"target\":[\"https:\/\/tuanle.com.vn\/fr\/nous-contacter\/\"]}]},{\"@type\":\"ImageObject\",\"inLanguage\":\"fr-FR\",\"@id\":\"https:\/\/tuanle.com.vn\/fr\/nous-contacter\/#primaryimage\",\"url\":\"https:\/\/tuanle.com.vn\/wp-content\/uploads\/2020\/08\/01-scaled.jpg\",\"contentUrl\":\"https:\/\/tuanle.com.vn\/wp-content\/uploads\/2020\/08\/01-scaled.jpg\",\"width\":2560,\"height\":1707},{\"@type\":\"BreadcrumbList\",\"@id\":\"https:\/\/tuanle.com.vn\/fr\/nous-contacter\/#breadcrumb\",\"itemListElement\":[{\"@type\":\"ListItem\",\"position\":1,\"name\":\"Home\",\"item\":\"https:\/\/tuanle.com.vn\/fr\/\"},{\"@type\":\"ListItem\",\"position\":2,\"name\":\"NOUS CONTACTER\"}]},{\"@type\":\"WebSite\",\"@id\":\"https:\/\/tuanle.com.vn\/#website\",\"url\":\"https:\/\/tuanle.com.vn\/\",\"name\":\"We Fulfill Our Promises\",\"description\":\"We Fulfill Our Promises\",\"publisher\":{\"@id\":\"https:\/\/tuanle.com.vn\/#organization\"},\"potentialAction\":[{\"@type\":\"SearchAction\",\"target\":{\"@type\":\"EntryPoint\",\"urlTemplate\":\"https:\/\/tuanle.com.vn\/?s={search_term_string}\"},\"query-input\":\"required name=search_term_string\"}],\"inLanguage\":\"fr-FR\"},{\"@type\":\"Organization\",\"@id\":\"https:\/\/tuanle.com.vn\/#organization\",\"name\":\"Construction\",\"url\":\"https:\/\/tuanle.com.vn\/\",\"logo\":{\"@type\":\"ImageObject\",\"inLanguage\":\"fr-FR\",\"@id\":\"https:\/\/tuanle.com.vn\/#\/schema\/logo\/image\/\",\"url\":\"https:\/\/tuanle.com.vn\/wp-content\/uploads\/2020\/08\/logo_TLC.png\",\"contentUrl\":\"https:\/\/tuanle.com.vn\/wp-content\/uploads\/2020\/08\/logo_TLC.png\",\"width\":3507,\"height\":4725,\"caption\":\"Construction\"},\"image\":{\"@id\":\"https:\/\/tuanle.com.vn\/#\/schema\/logo\/image\/\"},\"sameAs\":[\"https:\/\/www.facebook.com\/TUANLECONSTRUCTION\"]}]}<\/script>\n<!-- \/ Yoast SEO plugin. -->","yoast_head_json":{"title":"NOUS CONTACTER | TUAN LE Construction","robots":{"index":"index","follow":"follow","max-snippet":"max-snippet:-1","max-image-preview":"max-image-preview:large","max-video-preview":"max-video-preview:-1"},"canonical":"https:\/\/tuanle.com.vn\/fr\/nous-contacter\/","og_locale":"fr_FR","og_type":"article","og_title":"NOUS CONTACTER | TUAN LE Construction","og_description":"[vc_row el_class=\u00a0\u00bbcontact-area\u00a0\u00bb][vc_column width=\u00a0\u00bb1\/12&Prime;][\/vc_column][vc_column width=\u00a0\u00bb10\/12&Prime;][vc_empty_space height=\u00a0\u00bb55px\u00a0\u00bb el_class=\u00a0\u00bbd-lg-none\u00a0\u00bb][vc_empty_space height=\u00a0\u00bb75px\u00a0\u00bb el_class=\u00a0\u00bbd-none d-lg-block\u00a0\u00bb][vc_empty_space height=\u00a0\u00bb20px\u00a0\u00bb][vc_tta_tabs color=\u00a0\u00bbblue\u00a0\u00bb spacing=\u00a0\u00bb3&Prime; active_section=\u00a0\u00bb1&Prime; no_fill_content_area=\u00a0\u00bbtrue\u00a0\u00bb][vc_tta_section title=\u00a0\u00bbHo Chi Minh\u00a0\u00bb tab_id=\u00a0\u00bbho-chi-minh\u00a0\u00bb][vc_row_inner][vc_column_inner width=\u00a0\u00bb1\/2&Prime;][vc_custom_heading text=\u00a0\u00bbHO CHI MINH VILLE\u00a0\u00bb use_theme_fonts=\u00a0\u00bbyes\u00a0\u00bb el_class=\u00a0\u00bbsub-title text-dark\u00a0\u00bb][vc_empty_space height=\u00a0\u00bb65px\u00a0\u00bb el_class=\u00a0\u00bbd-xl-block d-none\u00a0\u00bb][vc_single_image image=\u00a0\u00bb2391&Prime; img_size=\u00a0\u00bbfull\u00a0\u00bb alignment=\u00a0\u00bbcenter\u00a0\u00bb onclick=\u00a0\u00bbcustom_link\u00a0\u00bb img_link_target=\u00a0\u00bb_blank\u00a0\u00bb link=\u00a0\u00bbhttps:\/\/www.google.com\/maps\/place\/Tuan+Le+Construction\/@10.7291489,106.7207682,16.5z\/data=!4m5!3m4!1s0x3175255a513ce29d:0x3a70556b0f57ea10!8m2!3d10.7293947!4d106.7233257?hl=en\u00a0\u00bb][\/vc_column_inner][vc_column_inner el_class=\u00a0\u00bbpx-lg-4&Prime; width=\u00a0\u00bb1\/2&Prime;][vc_single_image image=\u00a0\u00bb3158&Prime; img_size=\u00a0\u00bbfull\u00a0\u00bb alignment=\u00a0\u00bbcenter\u00a0\u00bb el_class=\u00a0\u00bbmb-lg-0&Prime;][\/vc_column_inner][\/vc_row_inner][\/vc_tta_section][vc_tta_section title=\u00a0\u00bbHa Noi\u00a0\u00bb tab_id=\u00a0\u00bbha-noi\u00a0\u00bb][vc_row_inner][vc_column_inner width=\u00a0\u00bb1\/2&Prime;][vc_custom_heading text=\u00a0\u00bbHA NOI\u00a0\u00bb use_theme_fonts=\u00a0\u00bbyes\u00a0\u00bb el_class=\u00a0\u00bbsub-title text-dark\u00a0\u00bb][vc_empty_space height=\u00a0\u00bb75px\u00a0\u00bb el_class=\u00a0\u00bbd-xl-block d-none\u00a0\u00bb][vc_empty_space height=\u00a0\u00bb15px\u00a0\u00bb el_class=\u00a0\u00bbd-xl-none\u00a0\u00bb][vc_single_image","og_url":"https:\/\/tuanle.com.vn\/fr\/nous-contacter\/","og_site_name":"TUAN LE Construction","article_publisher":"https:\/\/www.facebook.com\/TUANLECONSTRUCTION","article_modified_time":"2025-12-05T03:19:28+00:00","og_image":[{"width":2560,"height":1707,"url":"https:\/\/tuanle.com.vn\/wp-content\/uploads\/2020\/08\/01-scaled.jpg","type":"image\/jpeg"}],"twitter_card":"summary_large_image","twitter_misc":{"Dur\u00e9e de lecture estim\u00e9e":"3 minutes"},"schema":{"@context":"https:\/\/schema.org","@graph":[{"@type":"WebPage","@id":"https:\/\/tuanle.com.vn\/fr\/nous-contacter\/","url":"https:\/\/tuanle.com.vn\/fr\/nous-contacter\/","name":"NOUS CONTACTER | TUAN LE Construction","isPartOf":{"@id":"https:\/\/tuanle.com.vn\/#website"},"primaryImageOfPage":{"@id":"https:\/\/tuanle.com.vn\/fr\/nous-contacter\/#primaryimage"},"image":{"@id":"https:\/\/tuanle.com.vn\/fr\/nous-contacter\/#primaryimage"},"thumbnailUrl":"https:\/\/tuanle.com.vn\/wp-content\/uploads\/2020\/08\/01-scaled.jpg","datePublished":"2020-07-08T02:24:14+00:00","dateModified":"2025-12-05T03:19:28+00:00","breadcrumb":{"@id":"https:\/\/tuanle.com.vn\/fr\/nous-contacter\/#breadcrumb"},"inLanguage":"fr-FR","potentialAction":[{"@type":"ReadAction","target":["https:\/\/tuanle.com.vn\/fr\/nous-contacter\/"]}]},{"@type":"ImageObject","inLanguage":"fr-FR","@id":"https:\/\/tuanle.com.vn\/fr\/nous-contacter\/#primaryimage","url":"https:\/\/tuanle.com.vn\/wp-content\/uploads\/2020\/08\/01-scaled.jpg","contentUrl":"https:\/\/tuanle.com.vn\/wp-content\/uploads\/2020\/08\/01-scaled.jpg","width":2560,"height":1707},{"@type":"BreadcrumbList","@id":"https:\/\/tuanle.com.vn\/fr\/nous-contacter\/#breadcrumb","itemListElement":[{"@type":"ListItem","position":1,"name":"Home","item":"https:\/\/tuanle.com.vn\/fr\/"},{"@type":"ListItem","position":2,"name":"NOUS CONTACTER"}]},{"@type":"WebSite","@id":"https:\/\/tuanle.com.vn\/#website","url":"https:\/\/tuanle.com.vn\/","name":"We Fulfill Our Promises","description":"We Fulfill Our Promises","publisher":{"@id":"https:\/\/tuanle.com.vn\/#organization"},"potentialAction":[{"@type":"SearchAction","target":{"@type":"EntryPoint","urlTemplate":"https:\/\/tuanle.com.vn\/?s={search_term_string}"},"query-input":"required name=search_term_string"}],"inLanguage":"fr-FR"},{"@type":"Organization","@id":"https:\/\/tuanle.com.vn\/#organization","name":"Construction","url":"https:\/\/tuanle.com.vn\/","logo":{"@type":"ImageObject","inLanguage":"fr-FR","@id":"https:\/\/tuanle.com.vn\/#\/schema\/logo\/image\/","url":"https:\/\/tuanle.com.vn\/wp-content\/uploads\/2020\/08\/logo_TLC.png","contentUrl":"https:\/\/tuanle.com.vn\/wp-content\/uploads\/2020\/08\/logo_TLC.png","width":3507,"height":4725,"caption":"Construction"},"image":{"@id":"https:\/\/tuanle.com.vn\/#\/schema\/logo\/image\/"},"sameAs":["https:\/\/www.facebook.com\/TUANLECONSTRUCTION"]}]}},"_links":{"self":[{"href":"https:\/\/tuanle.com.vn\/fr\/wp-json\/wp\/v2\/pages\/2649"}],"collection":[{"href":"https:\/\/tuanle.com.vn\/fr\/wp-json\/wp\/v2\/pages"}],"about":[{"href":"https:\/\/tuanle.com.vn\/fr\/wp-json\/wp\/v2\/types\/page"}],"author":[{"embeddable":true,"href":"https:\/\/tuanle.com.vn\/fr\/wp-json\/wp\/v2\/users\/1"}],"replies":[{"embeddable":true,"href":"https:\/\/tuanle.com.vn\/fr\/wp-json\/wp\/v2\/comments?post=2649"}],"version-history":[{"count":44,"href":"https:\/\/tuanle.com.vn\/fr\/wp-json\/wp\/v2\/pages\/2649\/revisions"}],"predecessor-version":[{"id":12946,"href":"https:\/\/tuanle.com.vn\/fr\/wp-json\/wp\/v2\/pages\/2649\/revisions\/12946"}],"wp:featuredmedia":[{"embeddable":true,"href":"https:\/\/tuanle.com.vn\/fr\/wp-json\/wp\/v2\/media\/6240"}],"wp:attachment":[{"href":"https:\/\/tuanle.com.vn\/fr\/wp-json\/wp\/v2\/media?parent=2649"}],"curies":[{"name":"wp","href":"https:\/\/api.w.org\/{rel}","templated":true}]}}