{"id":10314,"date":"2022-09-13T15:08:37","date_gmt":"2022-09-13T08:08:37","guid":{"rendered":"https:\/\/tuanle.com.vn\/?page_id=10314"},"modified":"2025-06-25T14:50:31","modified_gmt":"2025-06-25T07:50:31","slug":"profil-dentreprise","status":"publish","type":"page","link":"https:\/\/tuanle.com.vn\/fr\/profil-dentreprise\/","title":{"rendered":"PROFIL D&rsquo;ENTREPRISE"},"content":{"rendered":"<div class=\"wpb-content-wrapper\"><p>[vc_row el_id=\u00a0\u00bbour-story\u00a0\u00bb el_class=\u00a0\u00bbrow-anchor\u00a0\u00bb][vc_column][vc_empty_space height=\u00a0\u00bb41px\u00a0\u00bb][\/vc_column][\/vc_row][vc_row][vc_column][vc_empty_space height=\u00a0\u00bb105px\u00a0\u00bb][\/vc_column][\/vc_row][vc_row el_id=\u00a0\u00bbour-company-profile\u00a0\u00bb el_class=\u00a0\u00bbrow-anchor\u00a0\u00bb][vc_column][vc_gallery type=\u00a0\u00bbimage_grid\u00a0\u00bb images=\u00a0\u00bb10723,10699,10700,12116,10702,10703,10704,10705,10706,10707,10708,10709,10710,10711,10712,10713,10714,10715,11942,10717&Prime; img_size=\u00a0\u00bbfull\u00a0\u00bb css=\u00a0\u00bb\u00a0\u00bb el_id=\u00a0\u00bbcompany-pr\u00a0\u00bb][vc_custom_heading text=\u00a0\u00bbPROFIL D&rsquo;ENTREPRISE\u00a0\u00bb font_container=\u00a0\u00bbtag:h2|text_align:center\u00a0\u00bb use_theme_fonts=\u00a0\u00bbyes\u00a0\u00bb el_class=\u00a0\u00bbsub-title mb-1&Prime;][vc_empty_space height=\u00a0\u00bb30px\u00a0\u00bb el_class=\u00a0\u00bbd-none d-xl-block\u00a0\u00bb][vc_column_text css=\u00a0\u00bb\u00a0\u00bb]<\/p>\n<p style=\"text-align: center;\">Notre Profil de L&rsquo;entreprise est pr\u00eate \u00e0 t\u00e9l\u00e9charger\u00a0<a href=\"https:\/\/drive.google.com\/file\/d\/1frrBME6z8OfPmGI9n4oCQnnmQbHDcNh8\/view?usp=drive_link\" target=\"_blank\" rel=\"noopener noreferrer\"><strong><span style=\"text-decoration: underline;\"><span style=\"color: #0000ff; text-decoration: underline;\">ici<\/span><\/span><\/strong><\/a>.<\/p>\n<p>[\/vc_column_text][\/vc_column][\/vc_row]<\/p>\n<\/div>","protected":false},"excerpt":{"rendered":"<p>[vc_row el_id=\u00a0\u00bbour-story\u00a0\u00bb el_class=\u00a0\u00bbrow-anchor\u00a0\u00bb][vc_column][vc_empty_space height=\u00a0\u00bb41px\u00a0\u00bb][\/vc_column][\/vc_row][vc_row][vc_column][vc_empty_space height=\u00a0\u00bb105px\u00a0\u00bb][\/vc_column][\/vc_row][vc_row el_id=\u00a0\u00bbour-company-profile\u00a0\u00bb el_class=\u00a0\u00bbrow-anchor\u00a0\u00bb][vc_column][vc_gallery type=\u00a0\u00bbimage_grid\u00a0\u00bb images=\u00a0\u00bb10723,10699,10700,12116,10702,10703,10704,10705,10706,10707,10708,10709,10710,10711,10712,10713,10714,10715,11942,10717&Prime; img_size=\u00a0\u00bbfull\u00a0\u00bb css=\u00a0\u00bb\u00a0\u00bb el_id=\u00a0\u00bbcompany-pr\u00a0\u00bb][vc_custom_heading text=\u00a0\u00bbPROFIL D&rsquo;ENTREPRISE\u00a0\u00bb font_container=\u00a0\u00bbtag:h2|text_align:center\u00a0\u00bb use_theme_fonts=\u00a0\u00bbyes\u00a0\u00bb el_class=\u00a0\u00bbsub-title mb-1&Prime;][vc_empty_space height=\u00a0\u00bb30px\u00a0\u00bb el_class=\u00a0\u00bbd-none d-xl-block\u00a0\u00bb][vc_column_text css=\u00a0\u00bb\u00a0\u00bb] Notre Profil de L&rsquo;entreprise est pr\u00eate \u00e0 t\u00e9l\u00e9charger\u00a0ici. [\/vc_column_text][\/vc_column][\/vc_row]<\/p>\n","protected":false},"author":1,"featured_media":0,"parent":0,"menu_order":0,"comment_status":"closed","ping_status":"closed","template":"page-templates\/fullwidthpage.php","meta":{"_acf_changed":false,"footnotes":""},"acf":[],"yoast_head":"<!-- This site is optimized with the Yoast SEO plugin v22.6 - https:\/\/yoast.com\/wordpress\/plugins\/seo\/ -->\n<title>PROFIL D&#039;ENTREPRISE | TUAN LE Construction<\/title>\n<meta name=\"robots\" content=\"index, follow, max-snippet:-1, max-image-preview:large, max-video-preview:-1\" \/>\n<link rel=\"canonical\" href=\"https:\/\/tuanle.com.vn\/fr\/profil-dentreprise\/\" \/>\n<meta property=\"og:locale\" content=\"fr_FR\" \/>\n<meta property=\"og:type\" content=\"article\" \/>\n<meta property=\"og:title\" content=\"PROFIL D&#039;ENTREPRISE | TUAN LE Construction\" \/>\n<meta property=\"og:description\" content=\"[vc_row el_id=\u00a0\u00bbour-story\u00a0\u00bb el_class=\u00a0\u00bbrow-anchor\u00a0\u00bb][vc_column][vc_empty_space height=\u00a0\u00bb41px\u00a0\u00bb][\/vc_column][\/vc_row][vc_row][vc_column][vc_empty_space height=\u00a0\u00bb105px\u00a0\u00bb][\/vc_column][\/vc_row][vc_row el_id=\u00a0\u00bbour-company-profile\u00a0\u00bb el_class=\u00a0\u00bbrow-anchor\u00a0\u00bb][vc_column][vc_gallery type=\u00a0\u00bbimage_grid\u00a0\u00bb images=\u00a0\u00bb10723,10699,10700,12116,10702,10703,10704,10705,10706,10707,10708,10709,10710,10711,10712,10713,10714,10715,11942,10717&Prime; img_size=\u00a0\u00bbfull\u00a0\u00bb css=\u00a0\u00bb\u00a0\u00bb el_id=\u00a0\u00bbcompany-pr\u00a0\u00bb][vc_custom_heading text=\u00a0\u00bbPROFIL D&rsquo;ENTREPRISE\u00a0\u00bb font_container=\u00a0\u00bbtag:h2|text_align:center\u00a0\u00bb use_theme_fonts=\u00a0\u00bbyes\u00a0\u00bb el_class=\u00a0\u00bbsub-title mb-1&Prime;][vc_empty_space height=\u00a0\u00bb30px\u00a0\u00bb el_class=\u00a0\u00bbd-none d-xl-block\u00a0\u00bb][vc_column_text css=\u00a0\u00bb\u00a0\u00bb] Notre Profil de L&rsquo;entreprise est pr\u00eate \u00e0 t\u00e9l\u00e9charger\u00a0ici. [\/vc_column_text][\/vc_column][\/vc_row]\" \/>\n<meta property=\"og:url\" content=\"https:\/\/tuanle.com.vn\/fr\/profil-dentreprise\/\" \/>\n<meta property=\"og:site_name\" content=\"TUAN LE Construction\" \/>\n<meta property=\"article:publisher\" content=\"https:\/\/www.facebook.com\/TUANLECONSTRUCTION\" \/>\n<meta property=\"article:modified_time\" content=\"2025-06-25T07:50:31+00:00\" \/>\n<meta name=\"twitter:card\" content=\"summary_large_image\" \/>\n<meta name=\"twitter:label1\" content=\"Dur\u00e9e de lecture estim\u00e9e\" \/>\n\t<meta name=\"twitter:data1\" content=\"5 minutes\" \/>\n<script type=\"application\/ld+json\" class=\"yoast-schema-graph\">{\"@context\":\"https:\/\/schema.org\",\"@graph\":[{\"@type\":\"WebPage\",\"@id\":\"https:\/\/tuanle.com.vn\/fr\/profil-dentreprise\/\",\"url\":\"https:\/\/tuanle.com.vn\/fr\/profil-dentreprise\/\",\"name\":\"PROFIL D'ENTREPRISE | TUAN LE Construction\",\"isPartOf\":{\"@id\":\"https:\/\/tuanle.com.vn\/#website\"},\"datePublished\":\"2022-09-13T08:08:37+00:00\",\"dateModified\":\"2025-06-25T07:50:31+00:00\",\"breadcrumb\":{\"@id\":\"https:\/\/tuanle.com.vn\/fr\/profil-dentreprise\/#breadcrumb\"},\"inLanguage\":\"fr-FR\",\"potentialAction\":[{\"@type\":\"ReadAction\",\"target\":[\"https:\/\/tuanle.com.vn\/fr\/profil-dentreprise\/\"]}]},{\"@type\":\"BreadcrumbList\",\"@id\":\"https:\/\/tuanle.com.vn\/fr\/profil-dentreprise\/#breadcrumb\",\"itemListElement\":[{\"@type\":\"ListItem\",\"position\":1,\"name\":\"Home\",\"item\":\"https:\/\/tuanle.com.vn\/fr\/\"},{\"@type\":\"ListItem\",\"position\":2,\"name\":\"PROFIL D&#8217;ENTREPRISE\"}]},{\"@type\":\"WebSite\",\"@id\":\"https:\/\/tuanle.com.vn\/#website\",\"url\":\"https:\/\/tuanle.com.vn\/\",\"name\":\"We Fulfill Our Promises\",\"description\":\"We Fulfill Our Promises\",\"publisher\":{\"@id\":\"https:\/\/tuanle.com.vn\/#organization\"},\"potentialAction\":[{\"@type\":\"SearchAction\",\"target\":{\"@type\":\"EntryPoint\",\"urlTemplate\":\"https:\/\/tuanle.com.vn\/?s={search_term_string}\"},\"query-input\":\"required name=search_term_string\"}],\"inLanguage\":\"fr-FR\"},{\"@type\":\"Organization\",\"@id\":\"https:\/\/tuanle.com.vn\/#organization\",\"name\":\"Construction\",\"url\":\"https:\/\/tuanle.com.vn\/\",\"logo\":{\"@type\":\"ImageObject\",\"inLanguage\":\"fr-FR\",\"@id\":\"https:\/\/tuanle.com.vn\/#\/schema\/logo\/image\/\",\"url\":\"https:\/\/tuanle.com.vn\/wp-content\/uploads\/2020\/08\/logo_TLC.png\",\"contentUrl\":\"https:\/\/tuanle.com.vn\/wp-content\/uploads\/2020\/08\/logo_TLC.png\",\"width\":3507,\"height\":4725,\"caption\":\"Construction\"},\"image\":{\"@id\":\"https:\/\/tuanle.com.vn\/#\/schema\/logo\/image\/\"},\"sameAs\":[\"https:\/\/www.facebook.com\/TUANLECONSTRUCTION\"]}]}<\/script>\n<!-- \/ Yoast SEO plugin. -->","yoast_head_json":{"title":"PROFIL D'ENTREPRISE | TUAN LE Construction","robots":{"index":"index","follow":"follow","max-snippet":"max-snippet:-1","max-image-preview":"max-image-preview:large","max-video-preview":"max-video-preview:-1"},"canonical":"https:\/\/tuanle.com.vn\/fr\/profil-dentreprise\/","og_locale":"fr_FR","og_type":"article","og_title":"PROFIL D'ENTREPRISE | TUAN LE Construction","og_description":"[vc_row el_id=\u00a0\u00bbour-story\u00a0\u00bb el_class=\u00a0\u00bbrow-anchor\u00a0\u00bb][vc_column][vc_empty_space height=\u00a0\u00bb41px\u00a0\u00bb][\/vc_column][\/vc_row][vc_row][vc_column][vc_empty_space height=\u00a0\u00bb105px\u00a0\u00bb][\/vc_column][\/vc_row][vc_row el_id=\u00a0\u00bbour-company-profile\u00a0\u00bb el_class=\u00a0\u00bbrow-anchor\u00a0\u00bb][vc_column][vc_gallery type=\u00a0\u00bbimage_grid\u00a0\u00bb images=\u00a0\u00bb10723,10699,10700,12116,10702,10703,10704,10705,10706,10707,10708,10709,10710,10711,10712,10713,10714,10715,11942,10717&Prime; img_size=\u00a0\u00bbfull\u00a0\u00bb css=\u00a0\u00bb\u00a0\u00bb el_id=\u00a0\u00bbcompany-pr\u00a0\u00bb][vc_custom_heading text=\u00a0\u00bbPROFIL D&rsquo;ENTREPRISE\u00a0\u00bb font_container=\u00a0\u00bbtag:h2|text_align:center\u00a0\u00bb use_theme_fonts=\u00a0\u00bbyes\u00a0\u00bb el_class=\u00a0\u00bbsub-title mb-1&Prime;][vc_empty_space height=\u00a0\u00bb30px\u00a0\u00bb el_class=\u00a0\u00bbd-none d-xl-block\u00a0\u00bb][vc_column_text css=\u00a0\u00bb\u00a0\u00bb] Notre Profil de L&rsquo;entreprise est pr\u00eate \u00e0 t\u00e9l\u00e9charger\u00a0ici. [\/vc_column_text][\/vc_column][\/vc_row]","og_url":"https:\/\/tuanle.com.vn\/fr\/profil-dentreprise\/","og_site_name":"TUAN LE Construction","article_publisher":"https:\/\/www.facebook.com\/TUANLECONSTRUCTION","article_modified_time":"2025-06-25T07:50:31+00:00","twitter_card":"summary_large_image","twitter_misc":{"Dur\u00e9e de lecture estim\u00e9e":"5 minutes"},"schema":{"@context":"https:\/\/schema.org","@graph":[{"@type":"WebPage","@id":"https:\/\/tuanle.com.vn\/fr\/profil-dentreprise\/","url":"https:\/\/tuanle.com.vn\/fr\/profil-dentreprise\/","name":"PROFIL D'ENTREPRISE | TUAN LE Construction","isPartOf":{"@id":"https:\/\/tuanle.com.vn\/#website"},"datePublished":"2022-09-13T08:08:37+00:00","dateModified":"2025-06-25T07:50:31+00:00","breadcrumb":{"@id":"https:\/\/tuanle.com.vn\/fr\/profil-dentreprise\/#breadcrumb"},"inLanguage":"fr-FR","potentialAction":[{"@type":"ReadAction","target":["https:\/\/tuanle.com.vn\/fr\/profil-dentreprise\/"]}]},{"@type":"BreadcrumbList","@id":"https:\/\/tuanle.com.vn\/fr\/profil-dentreprise\/#breadcrumb","itemListElement":[{"@type":"ListItem","position":1,"name":"Home","item":"https:\/\/tuanle.com.vn\/fr\/"},{"@type":"ListItem","position":2,"name":"PROFIL D&#8217;ENTREPRISE"}]},{"@type":"WebSite","@id":"https:\/\/tuanle.com.vn\/#website","url":"https:\/\/tuanle.com.vn\/","name":"We Fulfill Our Promises","description":"We Fulfill Our Promises","publisher":{"@id":"https:\/\/tuanle.com.vn\/#organization"},"potentialAction":[{"@type":"SearchAction","target":{"@type":"EntryPoint","urlTemplate":"https:\/\/tuanle.com.vn\/?s={search_term_string}"},"query-input":"required name=search_term_string"}],"inLanguage":"fr-FR"},{"@type":"Organization","@id":"https:\/\/tuanle.com.vn\/#organization","name":"Construction","url":"https:\/\/tuanle.com.vn\/","logo":{"@type":"ImageObject","inLanguage":"fr-FR","@id":"https:\/\/tuanle.com.vn\/#\/schema\/logo\/image\/","url":"https:\/\/tuanle.com.vn\/wp-content\/uploads\/2020\/08\/logo_TLC.png","contentUrl":"https:\/\/tuanle.com.vn\/wp-content\/uploads\/2020\/08\/logo_TLC.png","width":3507,"height":4725,"caption":"Construction"},"image":{"@id":"https:\/\/tuanle.com.vn\/#\/schema\/logo\/image\/"},"sameAs":["https:\/\/www.facebook.com\/TUANLECONSTRUCTION"]}]}},"_links":{"self":[{"href":"https:\/\/tuanle.com.vn\/fr\/wp-json\/wp\/v2\/pages\/10314"}],"collection":[{"href":"https:\/\/tuanle.com.vn\/fr\/wp-json\/wp\/v2\/pages"}],"about":[{"href":"https:\/\/tuanle.com.vn\/fr\/wp-json\/wp\/v2\/types\/page"}],"author":[{"embeddable":true,"href":"https:\/\/tuanle.com.vn\/fr\/wp-json\/wp\/v2\/users\/1"}],"replies":[{"embeddable":true,"href":"https:\/\/tuanle.com.vn\/fr\/wp-json\/wp\/v2\/comments?post=10314"}],"version-history":[{"count":30,"href":"https:\/\/tuanle.com.vn\/fr\/wp-json\/wp\/v2\/pages\/10314\/revisions"}],"predecessor-version":[{"id":12563,"href":"https:\/\/tuanle.com.vn\/fr\/wp-json\/wp\/v2\/pages\/10314\/revisions\/12563"}],"wp:attachment":[{"href":"https:\/\/tuanle.com.vn\/fr\/wp-json\/wp\/v2\/media?parent=10314"}],"curies":[{"name":"wp","href":"https:\/\/api.w.org\/{rel}","templated":true}]}}